{"id":8695,"date":"2021-03-19T16:07:27","date_gmt":"2021-03-19T15:07:27","guid":{"rendered":"https:\/\/rbb-stal.pl\/oferta-2\/"},"modified":"2024-04-15T11:38:34","modified_gmt":"2024-04-15T09:38:34","slug":"angebot","status":"publish","type":"page","link":"https:\/\/rbb-stal.pl\/de\/angebot\/","title":{"rendered":"Angebot"},"content":{"rendered":"<div class=\"wpb-content-wrapper\"><p>[vc_row css=&#8220;.vc_custom_1616166264324{margin-top: 60px !important;margin-bottom: 30px !important;}&#8220;][vc_column]<style>.ld_fancy_heading_69e4d32b81dbd .lqd-highlight-inner{height:0.275em;bottom:0px;}<\/style><div class=\"ld-fancy-heading text-center ld_fancy_heading_69e4d32b81dbd\">\n\t<h1 class=\"lqd-highlight-underline lqd-highlight-grow-left\" ><span class=\"ld-fh-txt\"> <span style=\"font-weight: 400\">RBB \u2013 Angebot<\/span><\/span><\/h1><\/div><style>.ld_fancy_heading_69e4d32b82134 .lqd-highlight-inner{height:0.275em;bottom:0px;}<\/style><div class=\"ld-fancy-heading text-center ld_fancy_heading_69e4d32b82134\">\n\t<p class=\"lqd-highlight-underline lqd-highlight-grow-left\" ><span class=\"ld-fh-txt\"> <span style=\"font-weight: 400\">Wir produzieren Flachprodukte wie B\u00e4nder, Formteile und Blechbl\u00e4tter. Die angebotenen Laken sind in Flatness Premium-Qualit\u00e4t. Wir bieten die Dienstleistung des L\u00e4ngs- und Querschneidens des anvertrauten Materials.<br \/>\n<\/span><\/p>\n<p>&nbsp;<\/p>\n<p><span style=\"font-weight: 400\">\u00a0<\/span><\/span><\/p><\/div>[\/vc_column][\/vc_row][vc_row equal_height=&#8220;yes&#8220;][vc_column width=&#8220;1\/2&#8243;]<style>.ld_flipbox_69e4d32b831dc .ld-flipbox-front{background-image:url(https:\/\/rbb-stal.com.pl\/wp-content\/uploads\/2024\/03\/ciecie_wzdluzne.jpg);}.ld_flipbox_69e4d32b831dc .ld-flipbox-front .ld-overlay{background:rgba(0, 0, 0, 0.55);}.ld_flipbox_69e4d32b831dc .ld-flipbox-back{background-image:url(https:\/\/rbb-stal.com.pl\/wp-content\/uploads\/2024\/03\/ciecie_wzdluzne.jpg);}.ld_flipbox_69e4d32b831dc .ld-flipbox-back .ld-overlay{background:rgba(237, 31, 25, 0.85);}<\/style><div class=\"ld-flipbox ld_flipbox_69e4d32b831dc\" >\n\t<div class=\"ld-flipbox-wrap\" >\n\t\t<div id=\"ld_flipbox_section_69e4d32b8234c\" class=\"ld-flipbox-face ld-flipbox-front\"><span class=\"ld-flipbox-overlay ld-overlay\"><\/span><div class=\"ld-flipbox-inner\"><p>[vc_column_text]<\/p>\n<h3 style=\"text-align: center\"><strong>L\u00e4ngsschneiden<\/strong><\/h3>\n<p style=\"text-align: center\"><span style=\"font-weight: 400\">Herstellung von B\u00e4ndern aus kaltgewalzten, feuerverzinkten und elektrolytisch verzinkten, warmgewalzten Blechen, beschichteten Blechen und Aluminium.<\/span><\/p>\n<p>[\/vc_column_text]<\/p>\n<\/div><\/div><div id=\"ld_flipbox_section_69e4d32b823a3\" class=\"ld-flipbox-face ld-flipbox-back\"><span class=\"ld-flipbox-overlay ld-overlay\"><\/span><div class=\"ld-flipbox-inner\"><style>.ld_button_69e4d32b8246b.btn-icon-solid .btn-icon{background:rgb(255, 255, 255);}.ld_button_69e4d32b8246b.btn-icon-circle.btn-icon-ripple .btn-icon:before{border-color:rgb(255, 255, 255);}.ld_button_69e4d32b8246b{color:rgb(255, 255, 255);border-color:rgb(255, 255, 255);}.ld_button_69e4d32b8246b:hover{background-color:rgb(255, 255, 255);color:rgb(0, 0, 0);}.ld_button_69e4d32b8246b .btn-gradient-bg-hover{background:-webkit-linear-gradient(to right, rgb(255, 255, 255) 0%, rgb(255, 255, 255) 100%);background:linear-gradient(to right, rgb(255, 255, 255) 0%, rgb(255, 255, 255) 100%);}.ld_button_69e4d32b8246b .btn-gradient-border defs stop:first-child{stop-color:rgb(255, 255, 255);}.ld_button_69e4d32b8246b .btn-gradient-border defs stop:last-child{stop-color:rgb(255, 255, 255);}<\/style><a href=\"https:\/\/rbb-stal.pl\/de\/angebot\/angebot\/#L\u00e4ngsschneiden\" title=\"Ci\u0119cie wzd\u0142u\u017cne\" class=\"btn btn-default btn-bordered border-thin btn-gradient ld_button_69e4d32b8246b\">\n\t<span>\n\t\t\n\t\t\t\t\t<span class=\"btn-txt\">Lesen Sie mehr<\/span>\n\t\t\t\n\t\t<span class=\"btn-gradient-bg btn-gradient-bg-hover\"><\/span>\t<svg xmlns=\"http:\/\/www.w3.org\/2000\/svg\" xmlns:xlink=\"http:\/\/www.w3.org\/1999\/xlink\" xml:space=\"preserve\" class=\"btn-gradient-border\" width=\"100%\" height=\"100%\">\n\t\t\t      <defs>\n\t\t\t        <linearGradient id=\"svg-border-69e4d32b831ce\" x1=\"0%\" y1=\"0%\" x2=\"100%\" y2=\"0%\">\n\t\t\t          <stop offset=\"0%\" \/>\n\t\t\t          <stop offset=\"100%\" \/>\n\t\t\t        <\/linearGradient>\n\t\t\t      <\/defs>\n\t\t\t      <rect x=\"0.5\" y=\"0.5\" rx=\"0\" ry=\"0\" width=\"100%\" height=\"100%\" stroke=\"url(#svg-border-69e4d32b831ce)\"\/>\n\t\t\t    <\/svg>\t<\/span>\n<\/a>\n\n<\/div><\/div>\t<\/div>\n<\/div>[\/vc_column][vc_column width=&#8220;1\/2&#8243;]<style>.ld_flipbox_69e4d32b84147 .ld-flipbox-front{background-image:url(https:\/\/rbb-stal.com.pl\/wp-content\/uploads\/2024\/03\/ciecie_poprzeczne.jpg);}.ld_flipbox_69e4d32b84147 .ld-flipbox-front .ld-overlay{background:rgba(0, 0, 0, 0.55);}.ld_flipbox_69e4d32b84147 .ld-flipbox-back{background-image:url(https:\/\/rbb-stal.com.pl\/wp-content\/uploads\/2024\/03\/ciecie_poprzeczne.jpg);}.ld_flipbox_69e4d32b84147 .ld-flipbox-back .ld-overlay{background:rgba(237, 31, 25, 0.85);}<\/style><div class=\"ld-flipbox ld_flipbox_69e4d32b84147\" >\n\t<div class=\"ld-flipbox-wrap\" >\n\t\t<div id=\"ld_flipbox_section_69e4d32b83658\" class=\"ld-flipbox-face ld-flipbox-front\"><span class=\"ld-flipbox-overlay ld-overlay\"><\/span><div class=\"ld-flipbox-inner\"><p>[vc_column_text]<\/p>\n<h3 style=\"text-align: center\"><strong>Querschneiden<\/strong><\/h3>\n<p style=\"text-align: center\"><span style=\"font-weight: 400\">Herstellung von Formst\u00fccken und Bl\u00e4ttern aus kaltgewalzten, feuerverzinkten, elektrolytisch verzinkten und warmgewalzten Blechen.<\/span><\/p>\n<p>[\/vc_column_text]<\/p>\n<\/div><\/div><div id=\"ld_flipbox_section_69e4d32b836cd\" class=\"ld-flipbox-face ld-flipbox-back\"><span class=\"ld-flipbox-overlay ld-overlay\"><\/span><div class=\"ld-flipbox-inner\"><style>.ld_button_69e4d32b837fd.btn-icon-solid .btn-icon{background:rgb(255, 255, 255);}.ld_button_69e4d32b837fd.btn-icon-circle.btn-icon-ripple .btn-icon:before{border-color:rgb(255, 255, 255);}.ld_button_69e4d32b837fd{color:rgb(255, 255, 255);border-color:rgb(255, 255, 255);}.ld_button_69e4d32b837fd:hover{background-color:rgb(255, 255, 255);color:rgb(0, 0, 0);}.ld_button_69e4d32b837fd .btn-gradient-bg-hover{background:-webkit-linear-gradient(to right, rgb(255, 255, 255) 0%, rgb(255, 255, 255) 100%);background:linear-gradient(to right, rgb(255, 255, 255) 0%, rgb(255, 255, 255) 100%);}.ld_button_69e4d32b837fd .btn-gradient-border defs stop:first-child{stop-color:rgb(255, 255, 255);}.ld_button_69e4d32b837fd .btn-gradient-border defs stop:last-child{stop-color:rgb(255, 255, 255);}<\/style><a href=\"https:\/\/rbb-stal.pl\/de\/angebot\/angebot\/#Querschneiden\" title=\"Ci\u0119cie poprzeczne\" class=\"btn btn-default btn-bordered border-thin btn-gradient ld_button_69e4d32b837fd\">\n\t<span>\n\t\t\n\t\t\t\t\t<span class=\"btn-txt\">Lesen Sie mehr<\/span>\n\t\t\t\n\t\t<span class=\"btn-gradient-bg btn-gradient-bg-hover\"><\/span>\t<svg xmlns=\"http:\/\/www.w3.org\/2000\/svg\" xmlns:xlink=\"http:\/\/www.w3.org\/1999\/xlink\" xml:space=\"preserve\" class=\"btn-gradient-border\" width=\"100%\" height=\"100%\">\n\t\t\t      <defs>\n\t\t\t        <linearGradient id=\"svg-border-69e4d32b84136\" x1=\"0%\" y1=\"0%\" x2=\"100%\" y2=\"0%\">\n\t\t\t          <stop offset=\"0%\" \/>\n\t\t\t          <stop offset=\"100%\" \/>\n\t\t\t        <\/linearGradient>\n\t\t\t      <\/defs>\n\t\t\t      <rect x=\"0.5\" y=\"0.5\" rx=\"0\" ry=\"0\" width=\"100%\" height=\"100%\" stroke=\"url(#svg-border-69e4d32b84136)\"\/>\n\t\t\t    <\/svg>\t<\/span>\n<\/a>\n\n<\/div><\/div>\t<\/div>\n<\/div>[\/vc_column][\/vc_row][vc_row css=&#8220;.vc_custom_1616229348006{margin-bottom: 60px !important;}&#8220;][vc_column width=&#8220;1\/3&#8243;][\/vc_column][vc_column width=&#8220;1\/3&#8243;][\/vc_column][\/vc_row]<\/p>\n<\/div>","protected":false},"excerpt":{"rendered":"<p>[vc_row css=&#8220;.vc_custom_1616166264324{margin-top: 60px !important;margin-bottom: 30px !important;}&#8220;][vc_column][\/vc_column][\/vc_row][vc_row equal_height=&#8220;yes&#8220;][vc_column width=&#8220;1\/2&#8243;][\/vc_column][vc_column width=&#8220;1\/2&#8243;][\/vc_column][\/vc_row][vc_row css=&#8220;.vc_custom_1616229348006{margin-bottom: 60px !important;}&#8220;][vc_column width=&#8220;1\/3&#8243;][\/vc_column][vc_column width=&#8220;1\/3&#8243;][\/vc_column][\/vc_row]<\/p>\n","protected":false},"author":1,"featured_media":0,"parent":0,"menu_order":0,"comment_status":"closed","ping_status":"closed","template":"","meta":{"footnotes":""},"class_list":["post-8695","page","type-page","status-publish","hentry"],"_links":{"self":[{"href":"https:\/\/rbb-stal.pl\/de\/wp-json\/wp\/v2\/pages\/8695","targetHints":{"allow":["GET"]}}],"collection":[{"href":"https:\/\/rbb-stal.pl\/de\/wp-json\/wp\/v2\/pages"}],"about":[{"href":"https:\/\/rbb-stal.pl\/de\/wp-json\/wp\/v2\/types\/page"}],"author":[{"embeddable":true,"href":"https:\/\/rbb-stal.pl\/de\/wp-json\/wp\/v2\/users\/1"}],"replies":[{"embeddable":true,"href":"https:\/\/rbb-stal.pl\/de\/wp-json\/wp\/v2\/comments?post=8695"}],"version-history":[{"count":21,"href":"https:\/\/rbb-stal.pl\/de\/wp-json\/wp\/v2\/pages\/8695\/revisions"}],"predecessor-version":[{"id":10153,"href":"https:\/\/rbb-stal.pl\/de\/wp-json\/wp\/v2\/pages\/8695\/revisions\/10153"}],"wp:attachment":[{"href":"https:\/\/rbb-stal.pl\/de\/wp-json\/wp\/v2\/media?parent=8695"}],"curies":[{"name":"wp","href":"https:\/\/api.w.org\/{rel}","templated":true}]}}