{"id":8681,"date":"2021-04-27T13:44:47","date_gmt":"2021-04-27T11:44:47","guid":{"rendered":"https:\/\/rbb-stal.pl\/oferta\/"},"modified":"2025-01-16T12:05:00","modified_gmt":"2025-01-16T11:05:00","slug":"angebot","status":"publish","type":"page","link":"https:\/\/rbb-stal.pl\/de\/angebot\/angebot\/","title":{"rendered":"Angebot"},"content":{"rendered":"<div class=\"wpb-content-wrapper\"><p>[vc_row css=&#8220;.vc_custom_1624515821133{padding-top: 60px !important;padding-bottom: 60px !important;}&#8220;][vc_column]<style>.ld_tabs_6a0906c473ef4 .tabs-nav > li.active > a, .ld_tabs_6a0906c473ef4 .tabs-nav > li:hover > a{color:rgb(122, 38, 63);}.ld_tabs_6a0906c473ef4 .tabs-nav a:after{background-color:rgb(122, 38, 63);}<\/style><div class=\"tabs tabs tabs-nav-side tabs-nav-shadowed ld_tabs_6a0906c473ef4\" data-plugin-options='{ \"deepLink\": true  }'>\n\t<ul class=\"nav tabs-nav\" role=\"tablist\"><li role=\"presentation\" class=\"h5 active\"><a href=\"#L\u00e4ngsschneiden\" aria-expanded=\"false\" aria-controls=\"L\u00e4ngsschneiden\" role=\"tab\" data-toggle=\"tab\">L\u00e4ngsschneiden<\/a><\/li><li role=\"presentation\" class=\"h5\"><a href=\"#Querschneiden\" aria-expanded=\"false\" aria-controls=\"Querschneiden\" role=\"tab\" data-toggle=\"tab\">Querschneiden<\/a><\/li><\/ul>\t<div class=\"tabs-content\"><div id=\"L\u00e4ngsschneiden\" role=\"tabpanel\" class=\"tabs-pane fade active in\"><p>[vc_row_inner css=&#8220;.vc_custom_1533201189477{padding-left: 7% !important;}&#8220;][vc_column_inner offset=&#8220;vc_col-md-10&#8243;][vc_single_image image=&#8220;9769&#8243; img_size=&#8220;650&#215;325&#8243; alignment=&#8220;center&#8220; style=&#8220;vc_box_shadow_3d&#8220; onclick=&#8220;link_image&#8220; enable_opacity=&#8220;yes&#8220; opacity=&#8220;0.9&#8243; image_max_width=&#8220;3000px&#8220;][vc_column_text css=&#8220;&#8220;]<span style=\"font-weight: 400\">Herstellung von B\u00e4ndern aus kaltgewalzten, feuerverzinkten und elektrolytisch verzinkten, warmgewalzten Blechen, beschichteten Blechen und Aluminium.<\/span><\/p>\n<p><span style=\"font-weight: 400\">\u00a0<\/span><\/p>\n<p><span style=\"font-weight: 400\">Wir gew\u00e4hrleisten:<\/span><\/p>\n<ul>\n<li style=\"font-weight: 400\"><span style=\"font-weight: 400\">hohe Genauigkeit in Bezug auf die Breitentoleranzen,<\/span><\/li>\n<li style=\"font-weight: 400\"><span style=\"font-weight: 400\">hervorragende Qualit\u00e4t der Schnittkanten, der Oberfl\u00e4chen und pr\u00e4zise Bandwicklung,<\/span><\/li>\n<li style=\"font-weight: 400\"><span style=\"font-weight: 400\">kurze Auftragserf\u00fcllungszeit,<\/span><\/li>\n<li style=\"font-weight: 400\"><span style=\"font-weight: 400\">professionelles Verpackungssystem in horizontaler Anordnung auf Paletten oder in vertikaler Anordnung auf Regalen,<\/span><\/li>\n<li style=\"font-weight: 400\"><span style=\"font-weight: 400\">Schneiden der anvertrauten Materialien als Dienstleistung.<\/span><\/li>\n<\/ul>\n<p><span style=\"font-weight: 400\">\u00a0<\/span><\/p>\n<p><span style=\"font-weight: 400\">Technische M\u00f6glichkeiten<\/span><\/p>\n<table>\n<tbody>\n<tr>\n<td><span style=\"font-weight: 400\">St\u00e4rke:<\/span><\/td>\n<td><span style=\"font-weight: 400\">0,4-6,0 mm<\/span><\/td>\n<\/tr>\n<tr>\n<td><span style=\"font-weight: 400\">Innendurchmesser:<\/span><\/td>\n<td><span style=\"font-weight: 400\">508-610 mm<\/span><\/td>\n<\/tr>\n<tr>\n<td><span style=\"font-weight: 400\">Schnittbreitenbereich:<\/span><\/td>\n<td><span style=\"font-weight: 400\">5,0-1780 mm<\/span><\/td>\n<\/tr>\n<tr>\n<td><span style=\"font-weight: 400\">Gewicht des Ringes:<\/span><\/td>\n<td><span style=\"font-weight: 400\">bis 30 Mg<\/span><\/td>\n<\/tr>\n<tr>\n<td><span style=\"font-weight: 400\">Toleranz in der Breite:<\/span><\/td>\n<td><span style=\"font-weight: 400\">+\/- 0,1 mm<\/span><\/td>\n<\/tr>\n<\/tbody>\n<\/table>\n<p>[\/vc_column_text][\/vc_column_inner][\/vc_row_inner]<\/p>\n<\/div><div id=\"Querschneiden\" role=\"tabpanel\" class=\"tabs-pane fade\"><p>[vc_row_inner css=&#8220;.vc_custom_1533201189477{padding-left: 7% !important;}&#8220;][vc_column_inner offset=&#8220;vc_col-md-10&#8243;][vc_text_separator title=&#8220;RBB Flatness Premium \u00ae&#8220;][vc_single_image image=&#8220;9775&#8243; img_size=&#8220;650&#215;325&#8243; alignment=&#8220;center&#8220; style=&#8220;vc_box_shadow_3d&#8220; onclick=&#8220;link_image&#8220; enable_opacity=&#8220;yes&#8220; opacity=&#8220;0.9&#8243; image_max_width=&#8220;3000px&#8220;][vc_column_text css=&#8220;&#8220;]<span style=\"font-weight: 400\">Herstellung von Formst\u00fccken und Bl\u00e4ttern aus kaltgewalzten, feuerverzinkten, elektrolytisch verzinkten und warmgewalzten Blechen.<\/span><\/p>\n<p><span style=\"font-weight: 400\">\u00a0<\/span><\/p>\n<p><span style=\"font-weight: 400\">Wir gew\u00e4hrleisten:<\/span><\/p>\n<ul>\n<li style=\"font-weight: 400\"><span style=\"font-weight: 400\">kurze Auftragserf\u00fcllungszeit,<\/span><\/li>\n<li style=\"font-weight: 400\"><span style=\"font-weight: 400\">vielf\u00e4ltige M\u00f6glichkeiten hinsichtlich L\u00e4nge und Breite der Formst\u00fccke,<\/span><\/li>\n<li style=\"font-weight: 400\"><span style=\"font-weight: 400\">M\u00f6glichkeit der Lieferung von trockener oder ge\u00f6lter Formst\u00fccke,<\/span><\/li>\n<li style=\"font-weight: 400\"><span style=\"font-weight: 400\">h\u00f6chste Richtqualit\u00e4t und Beseitigung von inneren Spannungen im Blech,<\/span><\/li>\n<li style=\"font-weight: 400\"><span style=\"font-weight: 400\">Auf Wunsch des Kunden Verpackung in Folie oder Korrosionsschutzpapier.<\/span><\/li>\n<\/ul>\n<p><span style=\"font-weight: 400\">\u00a0<\/span><\/p>\n<p><span style=\"font-weight: 400\">Technische M\u00f6glichkeiten:<\/span><\/p>\n<table>\n<tbody>\n<tr>\n<td><span style=\"font-weight: 400\">St\u00e4rke:<\/span><\/td>\n<td><span style=\"font-weight: 400\">0,4-6,0 mm<\/span><\/td>\n<\/tr>\n<tr>\n<td><span style=\"font-weight: 400\">Breite:<\/span><\/td>\n<td><span style=\"font-weight: 400\">bis 2150 mm<\/span><\/td>\n<\/tr>\n<tr>\n<td><span style=\"font-weight: 400\">L\u00e4nge:<\/span><\/td>\n<td><span style=\"font-weight: 400\">6500 mm<\/span><\/td>\n<\/tr>\n<tr>\n<td><span style=\"font-weight: 400\">Gewicht des Ringes:<\/span><\/td>\n<td><span style=\"font-weight: 400\">bis 30 Mg<\/span><\/td>\n<\/tr>\n<tr>\n<td><span style=\"font-weight: 400\">Paketgewicht<\/span><span style=\"font-weight: 400\">:<\/span><\/td>\n<td><span style=\"font-weight: 400\">max. 5 Tonnen<\/span><\/td>\n<\/tr>\n<tr>\n<td><span style=\"font-weight: 400\">Genauigkeit:<\/span><\/td>\n<td><span style=\"font-weight: 400\">+\/- 0,5 mm oder +\/- 1,0 mm je nach L\u00e4nge des zu schneidenden Materials<\/span><\/td>\n<\/tr>\n<\/tbody>\n<\/table>\n<p>[\/vc_column_text][\/vc_column_inner][\/vc_row_inner]<\/p>\n<\/div><\/div><\/div>\n[\/vc_column][\/vc_row]<\/p>\n<\/div>","protected":false},"excerpt":{"rendered":"<p>[vc_row css=&#8220;.vc_custom_1624515821133{padding-top: 60px !important;padding-bottom: 60px !important;}&#8220;][vc_column][\/vc_column][\/vc_row]<\/p>\n","protected":false},"author":1,"featured_media":0,"parent":8695,"menu_order":0,"comment_status":"closed","ping_status":"closed","template":"","meta":{"footnotes":""},"class_list":["post-8681","page","type-page","status-publish","hentry"],"_links":{"self":[{"href":"https:\/\/rbb-stal.pl\/de\/wp-json\/wp\/v2\/pages\/8681","targetHints":{"allow":["GET"]}}],"collection":[{"href":"https:\/\/rbb-stal.pl\/de\/wp-json\/wp\/v2\/pages"}],"about":[{"href":"https:\/\/rbb-stal.pl\/de\/wp-json\/wp\/v2\/types\/page"}],"author":[{"embeddable":true,"href":"https:\/\/rbb-stal.pl\/de\/wp-json\/wp\/v2\/users\/1"}],"replies":[{"embeddable":true,"href":"https:\/\/rbb-stal.pl\/de\/wp-json\/wp\/v2\/comments?post=8681"}],"version-history":[{"count":14,"href":"https:\/\/rbb-stal.pl\/de\/wp-json\/wp\/v2\/pages\/8681\/revisions"}],"predecessor-version":[{"id":10487,"href":"https:\/\/rbb-stal.pl\/de\/wp-json\/wp\/v2\/pages\/8681\/revisions\/10487"}],"up":[{"embeddable":true,"href":"https:\/\/rbb-stal.pl\/de\/wp-json\/wp\/v2\/pages\/8695"}],"wp:attachment":[{"href":"https:\/\/rbb-stal.pl\/de\/wp-json\/wp\/v2\/media?parent=8681"}],"curies":[{"name":"wp","href":"https:\/\/api.w.org\/{rel}","templated":true}]}}